{"id":129,"date":"2020-05-12T20:28:40","date_gmt":"2020-05-12T18:28:40","guid":{"rendered":"https:\/\/inmatricularibrasov.wordpress.com\/?page_id=129"},"modified":"2026-01-24T11:45:51","modified_gmt":"2026-01-24T09:45:51","slug":"inmatriculari-radieri-autovehicule","status":"publish","type":"page","link":"https:\/\/pac-inmatriculari.ro\/en\/inmatriculari-radieri-autovehicule\/","title":{"rendered":"Vehicle registrations"},"content":{"rendered":"<div data-elementor-type=\"wp-page\" data-elementor-id=\"129\" class=\"elementor elementor-129\">\n\t\t\t\t\t\t<section class=\"elementor-section elementor-top-section elementor-element elementor-element-d75144f elementor-section-boxed elementor-section-height-default elementor-section-height-default\" data-id=\"d75144f\" data-element_type=\"section\" data-e-type=\"section\">\n\t\t\t\t\t\t<div class=\"elementor-container elementor-column-gap-default\">\n\t\t\t\t\t<div class=\"elementor-column elementor-col-100 elementor-top-column elementor-element elementor-element-398b2d8\" data-id=\"398b2d8\" data-element_type=\"column\" data-e-type=\"column\">\n\t\t\t<div class=\"elementor-widget-wrap elementor-element-populated\">\n\t\t\t\t\t\t<div class=\"elementor-element elementor-element-df45d8e elementor-widget elementor-widget-text-editor\" data-id=\"df45d8e\" data-element_type=\"widget\" data-e-type=\"widget\" data-widget_type=\"text-editor.default\">\n\t\t\t\t<div class=\"elementor-widget-container\">\n\t\t\t\t\t\t\t\t\t<section class=\"servicii-inmatriculare-auto\">\n  <h2>Discover Our Car Registration Services<\/h2>\n\n  <ul class=\"servicii-lista\">\n    <li>\n      <span class=\"icon\">\ud83d\udcdb<\/span>\n      <strong>Custom Red Numbers:<\/strong> We help you get distinctive red numbers for your car.\n    <\/li>\n\n    <li>\n      <span class=\"icon\">\ud83c\udf10<\/span>\n      <strong>Translation Services:<\/strong> We quickly and accurately translate the documents necessary for the file.\n    <\/li>\n\n    <li>\n      <span class=\"icon\">\ud83c\udfdb\ufe0f<\/span>\n      <strong>Tax and Fee Registration:<\/strong> We take care of registering the vehicle with the local Tax Department.\n    <\/li>\n\n    <li>\n      <span class=\"icon\">\ud83e\uddfe<\/span>\n      <strong>ANAF VAT certificate:<\/strong> We support you in obtaining the tax certificate required for registration.\n    <\/li>\n\n    <li>\n      <span class=\"icon\">\u2705<\/span>\n      <strong>Final Registration:<\/strong> We coordinate the complete process at DRPCIV so that your vehicle is ready to go.\n    <\/li>\n  <\/ul>\n\n  <p class=\"text-final\">\n    Cu echipa noastr\u0103 experimentat\u0103, procesul de \u00eenmatriculare auto devine simplu \u0219i f\u0103r\u0103 griji.\n    Ne ocup\u0103m de toate detaliile \u00een locul dumneavoastr\u0103.\n  <\/p>\n<\/section>\n\n<style>\n:root{\n  --negru:#060709;\n  --verde-inchis:#175D57;\n  --verde-deschis:#23A79C;\n  --galben:#FAE19D;\n  --gri-alb:#FAFAFA;\n  --alb:#ffffff;\n  --border: rgba(23,93,87,0.14);\n  --shadow: 0 10px 28px rgba(0,0,0,0.06);\n  --shadow-soft: 0 8px 18px rgba(0,0,0,0.05);\n  --font:'Segoe UI',sans-serif;\n}\n\n\/* Sectiune *\/\n.servicii-inmatriculare-auto{\n  background: radial-gradient(circle at 12% 10%, rgba(35,167,156,0.12), transparent 45%),\n              radial-gradient(circle at 88% 90%, rgba(250,225,157,0.28), transparent 55%),\n              linear-gradient(135deg, var(--gri-alb), var(--alb));\n  padding: 62px 22px;\n  max-width: 1000px;\n  margin: 40px auto;\n  text-align: center;\n  font-family: var(--font);\n  color: var(--negru);\n  border-radius: 16px;\n  box-shadow: var(--shadow);\n  border: 1px solid var(--border);\n}\n\n\/* Titlu *\/\n.servicii-inmatriculare-auto h2{\n  font-size: 32px;\n  color: var(--verde-inchis);\n  margin: 0 0 26px;\n  font-weight: 900;\n  letter-spacing: -0.6px;\n  line-height: 1.15;\n}\n\n\/* Lista *\/\n.servicii-lista{\n  list-style: none;\n  padding: 0;\n  margin: 0 auto 26px;\n  text-align: left;\n  max-width: 820px;\n  display: grid;\n  gap: 14px;\n}\n\n\/* Item *\/\n.servicii-lista li{\n  background: var(--alb);\n  border: 1px solid rgba(23,93,87,0.12);\n  border-left: 6px solid var(--verde-deschis);\n  border-radius: 14px;\n  padding: 16px 18px 16px 60px;\n  position: relative;\n  font-size: 15.8px;\n  line-height: 1.65;\n  box-shadow: 0 6px 14px rgba(0,0,0,0.04);\n  transition: transform .25s ease, box-shadow .25s ease, border-color .25s ease;\n}\n\n.servicii-lista li:hover{\n  transform: translateY(-3px);\n  box-shadow: var(--shadow-soft);\n  border-color: rgba(35,167,156,0.35);\n}\n\n\/* Icon *\/\n.servicii-lista .icon{\n  position: absolute;\n  left: 16px;\n  top: 16px;\n  width: 34px;\n  height: 34px;\n  border-radius: 12px;\n  display: flex;\n  align-items: center;\n  justify-content: center;\n  background: rgba(35,167,156,0.12);\n  border: 1px solid rgba(35,167,156,0.24);\n  font-size: 16.5px;\n}\n\n\/* Accent text *\/\n.servicii-lista strong{\n  color: var(--verde-inchis);\n  font-weight: 900;\n}\n\n\/* Text final *\/\n.text-final{\n  font-size: 16px;\n  color: #444;\n  max-width: 760px;\n  margin: 0 auto;\n  line-height: 1.75;\n}\n\n\/* Responsive *\/\n@media (max-width: 768px){\n  .servicii-inmatriculare-auto{ padding: 48px 16px; }\n  .servicii-inmatriculare-auto h2{ font-size: 26px; }\n  .servicii-lista li{ padding: 15px 16px 15px 56px; }\n  .servicii-lista .icon{ top: 14px; }\n}\n<\/style>\n\t\t\t\t\t\t\t\t<\/div>\n\t\t\t\t<\/div>\n\t\t\t\t\t<\/div>\n\t\t<\/div>\n\t\t\t\t\t<\/div>\n\t\t<\/section>\n\t\t\t\t<section class=\"elementor-section elementor-top-section elementor-element elementor-element-62c1fb8 elementor-section-boxed elementor-section-height-default elementor-section-height-default\" data-id=\"62c1fb8\" data-element_type=\"section\" data-e-type=\"section\">\n\t\t\t\t\t\t<div class=\"elementor-container elementor-column-gap-default\">\n\t\t\t\t\t<div class=\"elementor-column elementor-col-100 elementor-top-column elementor-element elementor-element-d76aedb\" data-id=\"d76aedb\" data-element_type=\"column\" data-e-type=\"column\">\n\t\t\t<div class=\"elementor-widget-wrap elementor-element-populated\">\n\t\t\t\t\t\t<div class=\"elementor-element elementor-element-35e1c18 elementor-align-center elementor-widget elementor-widget-button\" data-id=\"35e1c18\" data-element_type=\"widget\" data-e-type=\"widget\" data-widget_type=\"button.default\">\n\t\t\t\t<div class=\"elementor-widget-container\">\n\t\t\t\t\t\t\t\t\t<div class=\"elementor-button-wrapper\">\n\t\t\t\t\t<a class=\"elementor-button elementor-button-link elementor-size-sm\" href=\"https:\/\/pac-inmatriculari.ro\/en\/contact\/\">\n\t\t\t\t\t\t<span class=\"elementor-button-content-wrapper\">\n\t\t\t\t\t\t<span class=\"elementor-button-icon\">\n\t\t\t\t<i aria-hidden=\"true\" class=\"fas fa-mail-bulk\"><\/i>\t\t\t<\/span>\n\t\t\t\t\t\t\t\t\t<span class=\"elementor-button-text\">Ask for details<\/span>\n\t\t\t\t\t<\/span>\n\t\t\t\t\t<\/a>\n\t\t\t\t<\/div>\n\t\t\t\t\t\t\t\t<\/div>\n\t\t\t\t<\/div>\n\t\t\t\t\t<\/div>\n\t\t<\/div>\n\t\t\t\t\t<\/div>\n\t\t<\/section>\n\t\t\t\t<section class=\"elementor-section elementor-top-section elementor-element elementor-element-6b10d7c0 elementor-section-boxed elementor-section-height-default elementor-section-height-default\" data-id=\"6b10d7c0\" data-element_type=\"section\" data-e-type=\"section\">\n\t\t\t\t\t\t<div class=\"elementor-container elementor-column-gap-default\">\n\t\t\t\t\t<div class=\"elementor-column elementor-col-100 elementor-top-column elementor-element elementor-element-47ab43a1\" data-id=\"47ab43a1\" data-element_type=\"column\" data-e-type=\"column\">\n\t\t\t<div class=\"elementor-widget-wrap elementor-element-populated\">\n\t\t\t\t\t\t<div class=\"elementor-element elementor-element-52f1c52a elementor-widget elementor-widget-text-editor\" data-id=\"52f1c52a\" data-element_type=\"widget\" data-e-type=\"widget\" data-widget_type=\"text-editor.default\">\n\t\t\t\t<div class=\"elementor-widget-container\">\n\t\t\t\t\t\t\t\t\t<section class=\"servicii-inmatriculare\">\n  <h2>Services offered upon registration<\/h2>\n\n  <div class=\"servicii-grid\">\n\n    <div class=\"serviciu-card\">\n      <span class=\"badge\">01<\/span>\n      <img decoding=\"async\" src=\"https:\/\/pac-inmatriculari.ro\/wp-content\/uploads\/2025\/05\/images1000x743.webp\" alt=\"Transcriere vehicul \u00eenmatriculat \u00een Rom\u00e2nia\" \/>\n      <h3>Vehicle transcription in Romania<\/h3>\n      <p>Change of ownership for vehicles already registered in Romania.<\/p>\n    <\/div>\n\n    <div class=\"serviciu-card\">\n      <span class=\"badge\">02<\/span>\n      <img decoding=\"async\" src=\"https:\/\/pac-inmatriculari.ro\/wp-content\/uploads\/2025\/05\/duplicat-acte-fimg.jpg\" alt=\"Certificat pierdut sau furat\" \/>\n      <h3>Lost \/ stolen certificate<\/h3>\n      <p>Issue a new registration certificate quickly and legally.<\/p>\n    <\/div>\n\n    <div class=\"serviciu-card\">\n      <span class=\"badge\">03<\/span>\n      <img decoding=\"async\" src=\"https:\/\/pac-inmatriculari.ro\/wp-content\/uploads\/2020\/05\/2869279.jpg?w=1024\" alt=\"Modificare date vehicul\" \/>\n      <h3>Modify vehicle data<\/h3>\n      <p>Update certificate for color, series, engine or other data.<\/p>\n    <\/div>\n\n    <div class=\"serviciu-card\">\n      <span class=\"badge\">04<\/span>\n      <img decoding=\"async\" src=\"https:\/\/pac-inmatriculari.ro\/wp-content\/uploads\/2025\/05\/1.jpg\" alt=\"\u00cenmatriculare auto UE\" \/>\n      <h3>EU car registration<\/h3>\n      <p>Registration of vehicles imported from the European Union.<\/p>\n    <\/div>\n\n    <div class=\"serviciu-card\">\n      <span class=\"badge\">05<\/span>\n      <img decoding=\"async\" src=\"https:\/\/pac-inmatriculari.ro\/wp-content\/uploads\/2020\/05\/portfolio.jpg?w=1024\" alt=\"Modificare num\u0103r \u00eenmatriculare\" \/>\n      <h3>Change number<\/h3>\n      <p>Change license plate number on request.<\/p>\n    <\/div>\n\n    <div class=\"serviciu-card\">\n      <span class=\"badge\">06<\/span>\n      <img decoding=\"async\" src=\"https:\/\/pac-inmatriculari.ro\/wp-content\/uploads\/2025\/05\/preschimb-1.jpg\" alt=\"Modificare date proprietar\" \/>\n      <h3>Owner dates<\/h3>\n      <p>Certificate for name or domicile.<\/p>\n    <\/div>\n\n    <div class=\"serviciu-card\">\n      <span class=\"badge\">07<\/span>\n      <img decoding=\"async\" src=\"https:\/\/pac-inmatriculari.ro\/wp-content\/uploads\/2025\/05\/acte-necesare-numere-rosii-coperta.jpg\" alt=\"Numere ro\u0219ii\" \/>\n      <h3>Red numbers<\/h3>\n      <p>Provisional registration with temporary authorization.<\/p>\n    <\/div>\n\n    <div class=\"serviciu-card\">\n      <span class=\"badge\">08<\/span>\n      <img decoding=\"async\" src=\"https:\/\/pac-inmatriculari.ro\/wp-content\/uploads\/2025\/05\/479568248_9050225898405898_8257202892251588238_n.jpg\" alt=\"Certificat deteriorat\" \/>\n      <h3>Deteriorated certificate<\/h3>\n      <p>Issue new certificate in case of damage.<\/p>\n    <\/div>\n\n    <div class=\"serviciu-card\">\n      <span class=\"badge\">09<\/span>\n      <img decoding=\"async\" src=\"https:\/\/pac-inmatriculari.ro\/wp-content\/uploads\/2020\/05\/3154871.jpg?w=1024\" alt=\"Duplicat pl\u0103cu\u021be\" \/>\n      <h3>Duplicate license plates<\/h3>\n      <p>Lost or damaged license plates.<\/p>\n    <\/div>\n\n  <\/div>\n<\/section>\n\n<style>\n:root{\n  --negru:#060709;\n  --verde-inchis:#175D57;\n  --verde-deschis:#23A79C;\n  --galben:#FAE19D;\n  --gri:#FAFAFA;\n  --alb:#ffffff;\n}\n\n\/* Sectiune *\/\n.servicii-inmatriculare{\n  padding: 70px 20px;\n  background: radial-gradient(circle at 10% 10%, rgba(35,167,156,0.12), transparent 40%),\n              radial-gradient(circle at 90% 90%, rgba(250,225,157,0.30), transparent 50%),\n              linear-gradient(135deg, var(--gri), var(--alb));\n  text-align: center;\n  font-family: 'Segoe UI', sans-serif;\n}\n\n\/* Titlu *\/\n.servicii-inmatriculare h2{\n  font-size: 34px;\n  color: var(--verde-inchis);\n  margin-bottom: 50px;\n  font-weight: 900;\n  letter-spacing: -0.6px;\n}\n\n\/* Grid *\/\n.servicii-grid{\n  display: grid;\n  grid-template-columns: repeat(3, 1fr);\n  gap: 28px;\n  max-width: 1200px;\n  margin: 0 auto;\n}\n\n\/* Card *\/\n.serviciu-card{\n  position: relative;\n  background: var(--alb);\n  border-radius: 18px;\n  padding: 18px;\n  box-shadow: 0 10px 26px rgba(0,0,0,0.06);\n  transition: transform .25s ease, box-shadow .25s ease;\n  text-align: left;\n  border: 1px solid rgba(23,93,87,0.12);\n}\n\n.serviciu-card:hover{\n  transform: translateY(-6px);\n  box-shadow: 0 18px 36px rgba(0,0,0,0.10);\n  border-color: rgba(35,167,156,0.35);\n}\n\n\/* Imagine *\/\n.serviciu-card img{\n  width: 100%;\n  height: 190px;\n  object-fit: cover;\n  border-radius: 14px;\n  margin-bottom: 14px;\n}\n\n\/* Titlu card *\/\n.serviciu-card h3{\n  font-size: 18px;\n  color: var(--verde-inchis);\n  margin: 0 0 6px;\n  font-weight: 900;\n}\n\n\/* Text *\/\n.serviciu-card p{\n  font-size: 14.5px;\n  color: #444;\n  line-height: 1.6;\n  margin: 0;\n}\n\n\/* Badge numerotare *\/\n.badge{\n  position: absolute;\n  top: 14px;\n  left: 14px;\n  background: var(--verde-inchis);\n  color: #fff;\n  font-weight: 900;\n  font-size: 13px;\n  padding: 6px 10px;\n  border-radius: 999px;\n  box-shadow: 0 6px 14px rgba(23,93,87,0.35);\n}\n\n\/* Responsive *\/\n@media (max-width: 992px){\n  .servicii-grid{ grid-template-columns: repeat(2, 1fr); }\n}\n\n@media (max-width: 600px){\n  .servicii-grid{ grid-template-columns: 1fr; }\n  .servicii-inmatriculare h2{ font-size: 26px; }\n}\n<\/style>\n\t\t\t\t\t\t\t\t<\/div>\n\t\t\t\t<\/div>\n\t\t\t\t\t<\/div>\n\t\t<\/div>\n\t\t\t\t\t<\/div>\n\t\t<\/section>\n\t\t\t\t<\/div>","protected":false},"excerpt":{"rendered":"<p>Descoper\u0103 Serviciile Noastre Pentru \u00cenmatriculare Auto \ud83d\udcdb Numere Ro\u0219ii Personalizate: V\u0103 ajut\u0103m s\u0103 ob\u021bine\u021bi numere ro\u0219ii distincte pentru ma\u0219ina dumneavoastr\u0103. \ud83c\udf10 Servicii de Traducere: Traducem rapid \u0219i corect actele necesare pentru dosar. \ud83c\udfdb\ufe0f \u00cenregistrare la Taxe \u0219i Impozite: Ne ocup\u0103m de \u00eenregistrarea autovehiculului la Direc\u021bia de Impozite locale. \ud83e\uddfe Certificat [&hellip;]<\/p>\n","protected":false},"author":1,"featured_media":0,"parent":0,"menu_order":0,"comment_status":"closed","ping_status":"closed","template":"elementor_header_footer","meta":{"footnotes":""},"class_list":["post-129","page","type-page","status-publish","hentry"],"yoast_head":"<!-- This site is optimized with the Yoast SEO plugin v27.4 - https:\/\/yoast.com\/product\/yoast-seo-wordpress\/ -->\n<title>\u00cenmatriculare Auto Bra\u0219ov \u2013 Servicii Complete de Radiere | PAC<\/title>\n<meta name=\"description\" content=\"Oferim servicii rapide \u0219i sigure de \u00eenmatriculare auto Bra\u0219ov: consultan\u021b\u0103 complet\u0103, traduceri, numere ro\u0219ii, taxe \u0219i DRPCIV.\" \/>\n<meta name=\"robots\" content=\"index, follow, max-snippet:-1, max-image-preview:large, max-video-preview:-1\" \/>\n<link rel=\"canonical\" href=\"https:\/\/pac-inmatriculari.ro\/en\/inmatriculari-radieri-autovehicule\/\" \/>\n<meta property=\"og:locale\" content=\"en_US\" \/>\n<meta property=\"og:type\" content=\"article\" \/>\n<meta property=\"og:title\" content=\"\u00cenmatriculare Auto Bra\u0219ov \u2013 Servicii Complete de Radiere | PAC\" \/>\n<meta property=\"og:description\" content=\"Oferim servicii rapide \u0219i sigure de \u00eenmatriculare auto Bra\u0219ov: consultan\u021b\u0103 complet\u0103, traduceri, numere ro\u0219ii, taxe \u0219i DRPCIV.\" \/>\n<meta property=\"og:url\" content=\"https:\/\/pac-inmatriculari.ro\/en\/inmatriculari-radieri-autovehicule\/\" \/>\n<meta property=\"og:site_name\" content=\"PAC - Inmatriculari Brasov\" \/>\n<meta property=\"article:publisher\" content=\"https:\/\/www.facebook.com\/InmatriculariAutoBrasov\" \/>\n<meta property=\"article:modified_time\" content=\"2026-01-24T09:45:51+00:00\" \/>\n<meta property=\"og:image\" content=\"https:\/\/pac-inmatriculari.ro\/wp-content\/uploads\/2025\/05\/images1000x743.webp\" \/>\n<meta name=\"twitter:card\" content=\"summary_large_image\" \/>\n<meta name=\"twitter:label1\" content=\"Est. reading time\" \/>\n\t<meta name=\"twitter:data1\" content=\"4 minutes\" \/>\n<script type=\"application\/ld+json\" class=\"yoast-schema-graph\">{\"@context\":\"https:\\\/\\\/schema.org\",\"@graph\":[{\"@type\":\"WebPage\",\"@id\":\"https:\\\/\\\/pac-inmatriculari.ro\\\/inmatriculari-radieri-autovehicule\\\/\",\"url\":\"https:\\\/\\\/pac-inmatriculari.ro\\\/inmatriculari-radieri-autovehicule\\\/\",\"name\":\"\u00cenmatriculare Auto Bra\u0219ov \u2013 Servicii Complete de Radiere | PAC\",\"isPartOf\":{\"@id\":\"https:\\\/\\\/pac-inmatriculari.ro\\\/#website\"},\"primaryImageOfPage\":{\"@id\":\"https:\\\/\\\/pac-inmatriculari.ro\\\/inmatriculari-radieri-autovehicule\\\/#primaryimage\"},\"image\":{\"@id\":\"https:\\\/\\\/pac-inmatriculari.ro\\\/inmatriculari-radieri-autovehicule\\\/#primaryimage\"},\"thumbnailUrl\":\"https:\\\/\\\/pac-inmatriculari.ro\\\/wp-content\\\/uploads\\\/2025\\\/05\\\/images1000x743.webp\",\"datePublished\":\"2020-05-12T18:28:40+00:00\",\"dateModified\":\"2026-01-24T09:45:51+00:00\",\"description\":\"Oferim servicii rapide \u0219i sigure de \u00eenmatriculare auto Bra\u0219ov: consultan\u021b\u0103 complet\u0103, traduceri, numere ro\u0219ii, taxe \u0219i DRPCIV.\",\"breadcrumb\":{\"@id\":\"https:\\\/\\\/pac-inmatriculari.ro\\\/inmatriculari-radieri-autovehicule\\\/#breadcrumb\"},\"inLanguage\":\"en-US\",\"potentialAction\":[{\"@type\":\"ReadAction\",\"target\":[\"https:\\\/\\\/pac-inmatriculari.ro\\\/inmatriculari-radieri-autovehicule\\\/\"]}]},{\"@type\":\"ImageObject\",\"inLanguage\":\"en-US\",\"@id\":\"https:\\\/\\\/pac-inmatriculari.ro\\\/inmatriculari-radieri-autovehicule\\\/#primaryimage\",\"url\":\"https:\\\/\\\/pac-inmatriculari.ro\\\/wp-content\\\/uploads\\\/2025\\\/05\\\/images1000x743.webp\",\"contentUrl\":\"https:\\\/\\\/pac-inmatriculari.ro\\\/wp-content\\\/uploads\\\/2025\\\/05\\\/images1000x743.webp\"},{\"@type\":\"BreadcrumbList\",\"@id\":\"https:\\\/\\\/pac-inmatriculari.ro\\\/inmatriculari-radieri-autovehicule\\\/#breadcrumb\",\"itemListElement\":[{\"@type\":\"ListItem\",\"position\":1,\"name\":\"Prima pagin\u0103\",\"item\":\"https:\\\/\\\/pac-inmatriculari.ro\\\/\"},{\"@type\":\"ListItem\",\"position\":2,\"name\":\"Inmatriculari autovehicule\"}]},{\"@type\":\"WebSite\",\"@id\":\"https:\\\/\\\/pac-inmatriculari.ro\\\/#website\",\"url\":\"https:\\\/\\\/pac-inmatriculari.ro\\\/\",\"name\":\"PAC - Inmatriculari Brasov\",\"description\":\"Inmatriculari auto Brasov\",\"publisher\":{\"@id\":\"https:\\\/\\\/pac-inmatriculari.ro\\\/#organization\"},\"potentialAction\":[{\"@type\":\"SearchAction\",\"target\":{\"@type\":\"EntryPoint\",\"urlTemplate\":\"https:\\\/\\\/pac-inmatriculari.ro\\\/?s={search_term_string}\"},\"query-input\":{\"@type\":\"PropertyValueSpecification\",\"valueRequired\":true,\"valueName\":\"search_term_string\"}}],\"inLanguage\":\"en-US\"},{\"@type\":\"Organization\",\"@id\":\"https:\\\/\\\/pac-inmatriculari.ro\\\/#organization\",\"name\":\"PAC - Inmatriculari Brasov\",\"url\":\"https:\\\/\\\/pac-inmatriculari.ro\\\/\",\"logo\":{\"@type\":\"ImageObject\",\"inLanguage\":\"en-US\",\"@id\":\"https:\\\/\\\/pac-inmatriculari.ro\\\/#\\\/schema\\\/logo\\\/image\\\/\",\"url\":\"https:\\\/\\\/pac-inmatriculari.ro\\\/wp-content\\\/uploads\\\/2020\\\/08\\\/cropped-pac-logo.png\",\"contentUrl\":\"https:\\\/\\\/pac-inmatriculari.ro\\\/wp-content\\\/uploads\\\/2020\\\/08\\\/cropped-pac-logo.png\",\"width\":584,\"height\":584,\"caption\":\"PAC - Inmatriculari Brasov\"},\"image\":{\"@id\":\"https:\\\/\\\/pac-inmatriculari.ro\\\/#\\\/schema\\\/logo\\\/image\\\/\"},\"sameAs\":[\"https:\\\/\\\/www.facebook.com\\\/InmatriculariAutoBrasov\"]}]}<\/script>\n<!-- \/ Yoast SEO plugin. -->","yoast_head_json":{"title":"\u00cenmatriculare Auto Bra\u0219ov \u2013 Servicii Complete de Radiere | PAC","description":"Oferim servicii rapide \u0219i sigure de \u00eenmatriculare auto Bra\u0219ov: consultan\u021b\u0103 complet\u0103, traduceri, numere ro\u0219ii, taxe \u0219i DRPCIV.","robots":{"index":"index","follow":"follow","max-snippet":"max-snippet:-1","max-image-preview":"max-image-preview:large","max-video-preview":"max-video-preview:-1"},"canonical":"https:\/\/pac-inmatriculari.ro\/en\/inmatriculari-radieri-autovehicule\/","og_locale":"en_US","og_type":"article","og_title":"\u00cenmatriculare Auto Bra\u0219ov \u2013 Servicii Complete de Radiere | PAC","og_description":"Oferim servicii rapide \u0219i sigure de \u00eenmatriculare auto Bra\u0219ov: consultan\u021b\u0103 complet\u0103, traduceri, numere ro\u0219ii, taxe \u0219i DRPCIV.","og_url":"https:\/\/pac-inmatriculari.ro\/en\/inmatriculari-radieri-autovehicule\/","og_site_name":"PAC - Inmatriculari Brasov","article_publisher":"https:\/\/www.facebook.com\/InmatriculariAutoBrasov","article_modified_time":"2026-01-24T09:45:51+00:00","og_image":[{"url":"https:\/\/pac-inmatriculari.ro\/wp-content\/uploads\/2025\/05\/images1000x743.webp","type":"","width":"","height":""}],"twitter_card":"summary_large_image","twitter_misc":{"Est. reading time":"4 minutes"},"schema":{"@context":"https:\/\/schema.org","@graph":[{"@type":"WebPage","@id":"https:\/\/pac-inmatriculari.ro\/inmatriculari-radieri-autovehicule\/","url":"https:\/\/pac-inmatriculari.ro\/inmatriculari-radieri-autovehicule\/","name":"\u00cenmatriculare Auto Bra\u0219ov \u2013 Servicii Complete de Radiere | PAC","isPartOf":{"@id":"https:\/\/pac-inmatriculari.ro\/#website"},"primaryImageOfPage":{"@id":"https:\/\/pac-inmatriculari.ro\/inmatriculari-radieri-autovehicule\/#primaryimage"},"image":{"@id":"https:\/\/pac-inmatriculari.ro\/inmatriculari-radieri-autovehicule\/#primaryimage"},"thumbnailUrl":"https:\/\/pac-inmatriculari.ro\/wp-content\/uploads\/2025\/05\/images1000x743.webp","datePublished":"2020-05-12T18:28:40+00:00","dateModified":"2026-01-24T09:45:51+00:00","description":"Oferim servicii rapide \u0219i sigure de \u00eenmatriculare auto Bra\u0219ov: consultan\u021b\u0103 complet\u0103, traduceri, numere ro\u0219ii, taxe \u0219i DRPCIV.","breadcrumb":{"@id":"https:\/\/pac-inmatriculari.ro\/inmatriculari-radieri-autovehicule\/#breadcrumb"},"inLanguage":"en-US","potentialAction":[{"@type":"ReadAction","target":["https:\/\/pac-inmatriculari.ro\/inmatriculari-radieri-autovehicule\/"]}]},{"@type":"ImageObject","inLanguage":"en-US","@id":"https:\/\/pac-inmatriculari.ro\/inmatriculari-radieri-autovehicule\/#primaryimage","url":"https:\/\/pac-inmatriculari.ro\/wp-content\/uploads\/2025\/05\/images1000x743.webp","contentUrl":"https:\/\/pac-inmatriculari.ro\/wp-content\/uploads\/2025\/05\/images1000x743.webp"},{"@type":"BreadcrumbList","@id":"https:\/\/pac-inmatriculari.ro\/inmatriculari-radieri-autovehicule\/#breadcrumb","itemListElement":[{"@type":"ListItem","position":1,"name":"Prima pagin\u0103","item":"https:\/\/pac-inmatriculari.ro\/"},{"@type":"ListItem","position":2,"name":"Inmatriculari autovehicule"}]},{"@type":"WebSite","@id":"https:\/\/pac-inmatriculari.ro\/#website","url":"https:\/\/pac-inmatriculari.ro\/","name":"PAC - Inmatriculari Brasov","description":"Inmatriculari auto Brasov","publisher":{"@id":"https:\/\/pac-inmatriculari.ro\/#organization"},"potentialAction":[{"@type":"SearchAction","target":{"@type":"EntryPoint","urlTemplate":"https:\/\/pac-inmatriculari.ro\/?s={search_term_string}"},"query-input":{"@type":"PropertyValueSpecification","valueRequired":true,"valueName":"search_term_string"}}],"inLanguage":"en-US"},{"@type":"Organization","@id":"https:\/\/pac-inmatriculari.ro\/#organization","name":"PAC - Inmatriculari Brasov","url":"https:\/\/pac-inmatriculari.ro\/","logo":{"@type":"ImageObject","inLanguage":"en-US","@id":"https:\/\/pac-inmatriculari.ro\/#\/schema\/logo\/image\/","url":"https:\/\/pac-inmatriculari.ro\/wp-content\/uploads\/2020\/08\/cropped-pac-logo.png","contentUrl":"https:\/\/pac-inmatriculari.ro\/wp-content\/uploads\/2020\/08\/cropped-pac-logo.png","width":584,"height":584,"caption":"PAC - Inmatriculari Brasov"},"image":{"@id":"https:\/\/pac-inmatriculari.ro\/#\/schema\/logo\/image\/"},"sameAs":["https:\/\/www.facebook.com\/InmatriculariAutoBrasov"]}]}},"_links":{"self":[{"href":"https:\/\/pac-inmatriculari.ro\/en\/wp-json\/wp\/v2\/pages\/129","targetHints":{"allow":["GET"]}}],"collection":[{"href":"https:\/\/pac-inmatriculari.ro\/en\/wp-json\/wp\/v2\/pages"}],"about":[{"href":"https:\/\/pac-inmatriculari.ro\/en\/wp-json\/wp\/v2\/types\/page"}],"author":[{"embeddable":true,"href":"https:\/\/pac-inmatriculari.ro\/en\/wp-json\/wp\/v2\/users\/1"}],"replies":[{"embeddable":true,"href":"https:\/\/pac-inmatriculari.ro\/en\/wp-json\/wp\/v2\/comments?post=129"}],"version-history":[{"count":68,"href":"https:\/\/pac-inmatriculari.ro\/en\/wp-json\/wp\/v2\/pages\/129\/revisions"}],"predecessor-version":[{"id":3153,"href":"https:\/\/pac-inmatriculari.ro\/en\/wp-json\/wp\/v2\/pages\/129\/revisions\/3153"}],"wp:attachment":[{"href":"https:\/\/pac-inmatriculari.ro\/en\/wp-json\/wp\/v2\/media?parent=129"}],"curies":[{"name":"wp","href":"https:\/\/api.w.org\/{rel}","templated":true}]}}