{"id":605,"date":"2020-10-12T09:21:26","date_gmt":"2020-10-12T07:21:26","guid":{"rendered":"https:\/\/pac-inmatriculari.ro\/?page_id=605"},"modified":"2025-06-06T18:53:08","modified_gmt":"2025-06-06T16:53:08","slug":"contact","status":"publish","type":"page","link":"https:\/\/pac-inmatriculari.ro\/en\/contact\/","title":{"rendered":"Contact"},"content":{"rendered":"\t\t<div data-elementor-type=\"wp-page\" data-elementor-id=\"605\" class=\"elementor elementor-605\">\n\t\t\t\t\t\t<section class=\"elementor-section elementor-top-section elementor-element elementor-element-e6d3384 elementor-section-boxed elementor-section-height-default elementor-section-height-default\" data-id=\"e6d3384\" data-element_type=\"section\" data-e-type=\"section\">\n\t\t\t\t\t\t<div class=\"elementor-container elementor-column-gap-default\">\n\t\t\t\t\t<div class=\"elementor-column elementor-col-100 elementor-top-column elementor-element elementor-element-b7dbd76\" data-id=\"b7dbd76\" data-element_type=\"column\" data-e-type=\"column\">\n\t\t\t<div class=\"elementor-widget-wrap elementor-element-populated\">\n\t\t\t\t\t\t<div class=\"elementor-element elementor-element-308b263 elementor-widget elementor-widget-heading\" data-id=\"308b263\" data-element_type=\"widget\" data-e-type=\"widget\" data-widget_type=\"heading.default\">\n\t\t\t\t<div class=\"elementor-widget-container\">\n\t\t\t\t\t<h2 class=\"elementor-heading-title elementor-size-default\">Contact<\/h2>\t\t\t\t<\/div>\n\t\t\t\t<\/div>\n\t\t\t\t\t<\/div>\n\t\t<\/div>\n\t\t\t\t\t<\/div>\n\t\t<\/section>\n\t\t\t\t<section class=\"elementor-section elementor-top-section elementor-element elementor-element-645916d elementor-section-boxed elementor-section-height-default elementor-section-height-default\" data-id=\"645916d\" data-element_type=\"section\" data-e-type=\"section\">\n\t\t\t\t\t\t<div class=\"elementor-container elementor-column-gap-default\">\n\t\t\t\t\t<div class=\"elementor-column elementor-col-100 elementor-top-column elementor-element elementor-element-4f4520d\" data-id=\"4f4520d\" data-element_type=\"column\" data-e-type=\"column\">\n\t\t\t<div class=\"elementor-widget-wrap elementor-element-populated\">\n\t\t\t\t\t\t<div class=\"elementor-element elementor-element-5e818fc elementor-widget__width-initial elementor-widget elementor-widget-text-editor\" data-id=\"5e818fc\" data-element_type=\"widget\" data-e-type=\"widget\" data-widget_type=\"text-editor.default\">\n\t\t\t\t<div class=\"elementor-widget-container\">\n\t\t\t\t\t\t\t\t\t<section class=\"pac-form-contact\">\n  <div class=\"form-container\">\n    <h2>Contacteaz\u0103-ne sau Cere o ofert\u0103<\/h2>\n    <p>Completeaz\u0103 formularul \u0219i \u00ee\u021bi r\u0103spundem rapid cu toate detaliile necesare.<\/p>\n    <div class=\"form-wrapper\">\n      <div class=\"forminator-ui forminator-custom-form forminator-custom-form-1912 forminator-design--default  forminator_ajax\" data-forminator-render=\"0\" data-form=\"forminator-module-1912\" data-uid=\"69ef70ce9cc73\"><br\/><\/div><form\n\t\t\t\tid=\"forminator-module-1912\"\n\t\t\t\tclass=\"forminator-ui forminator-custom-form forminator-custom-form-1912 forminator-design--default  forminator_ajax\"\n\t\t\t\tmethod=\"post\"\n\t\t\t\tdata-forminator-render=\"0\"\n\t\t\t\tdata-form-id=\"1912\"\n\t\t\t\tenctype=\"multipart\/form-data\" data-color-option=\"theme\" data-design=\"default\" data-grid=\"open\" style=\"display: none;\"\n\t\t\t\tdata-uid=\"69ef70ce9cc73\"\n\t\t\t><div role=\"alert\" aria-live=\"polite\" class=\"forminator-response-message forminator-error\" aria-hidden=\"true\"><\/div><div class=\"forminator-row\"><div id=\"name-1\" class=\"forminator-field-name forminator-col forminator-col-12 \"><div class=\"forminator-field\"><label for=\"forminator-field-name-1_69ef70ce9cc73\" id=\"forminator-field-name-1_69ef70ce9cc73-label\" class=\"forminator-label\">Nume complet <span class=\"forminator-required\">*<\/span><\/label><input type=\"text\" name=\"name-1\" value=\"\" placeholder=\"Ex. Andrei Popescu\" id=\"forminator-field-name-1_69ef70ce9cc73\" class=\"forminator-input forminator-name--field\" aria-required=\"true\" autocomplete=\"name\" \/><\/div><\/div><\/div><div class=\"forminator-row\"><div id=\"email-1\" class=\"forminator-field-email forminator-col forminator-col-12 \"><div class=\"forminator-row-inside forminator-row-with-confirmation-email\"><div class=\"forminator-col forminator-col-6\"><div class=\"forminator-field\"><label for=\"forminator-field-email-1_69ef70ce9cc73\" id=\"forminator-field-email-1_69ef70ce9cc73-label\" class=\"forminator-label\">Adresa e-mail <span class=\"forminator-required\">*<\/span><\/label><input type=\"email\" name=\"email-1\" value=\"\" placeholder=\"adresa@email.com\" id=\"forminator-field-email-1_69ef70ce9cc73\" class=\"forminator-input forminator-email--field\" data-required=\"true\" aria-required=\"true\" autocomplete=\"email\" \/><\/div><\/div><div class=\"forminator-col forminator-col-6\"><div class=\"forminator-field\"><label for=\"forminator-field-confirm_email-1_69ef70ce9cc73\" id=\"forminator-field-confirm_email-1_69ef70ce9cc73-label\" class=\"forminator-label\">Confirma adresa de e-mail <span class=\"forminator-required\">*<\/span><\/label><input type=\"email\" name=\"confirm_email-1\" value=\"\" placeholder=\"adresa@email.com\" id=\"forminator-field-confirm_email-1_69ef70ce9cc73\" class=\"forminator-input forminator-name--field\" data-required=\"true\" aria-required=\"true\" autocomplete=\"email\" \/><\/div><\/div><\/div><\/div><\/div><div class=\"forminator-row\"><div id=\"phone-1\" class=\"forminator-field-phone forminator-col forminator-col-12 \"><div class=\"forminator-field\"><label for=\"forminator-field-phone-1_69ef70ce9cc73\" id=\"forminator-field-phone-1_69ef70ce9cc73-label\" class=\"forminator-label\">Telefon<\/label><input type=\"text\" name=\"phone-1\" value=\"\" placeholder=\"Ex 0753719386\" id=\"forminator-field-phone-1_69ef70ce9cc73\" class=\"forminator-input forminator-field--phone\" data-required=\"\" aria-required=\"false\" autocomplete=\"off\" \/><\/div><\/div><\/div><div class=\"forminator-row\"><div id=\"textarea-1\" class=\"forminator-field-textarea forminator-col forminator-col-12 \"><div class=\"forminator-field\"><label for=\"forminator-field-textarea-1_69ef70ce9cc73\" id=\"forminator-field-textarea-1_69ef70ce9cc73-label\" class=\"forminator-label\">Mesajul tau<\/label><span id=\"forminator-field-textarea-1_69ef70ce9cc73-description\" class=\"forminator-description\"><span data-limit=\"180\" data-type=\"characters\" data-editor=\"\">0 \/ 180<\/span><\/span><textarea name=\"textarea-1\" placeholder=\"Scrie-ne cum te putem ajuta...\" id=\"forminator-field-textarea-1_69ef70ce9cc73\" class=\"forminator-textarea\" rows=\"6\" style=\"--forminator-textarea-min-height:140px;\" maxlength=\"180\" ><\/textarea><\/div><\/div><\/div><div class=\"forminator-row\"><div id=\"upload-1\" class=\"forminator-field-upload forminator-col forminator-col-12 \"><div class=\"forminator-field\"><label for=\"forminator-field-upload-1_69ef70ce9cc73\" id=\"forminator-field-upload-1_69ef70ce9cc73-label\" class=\"forminator-label\">Incarca documente<\/label><div class=\"forminator-file-upload \" data-element=\"upload-1_69ef70ce9cc73\"><input type=\"file\" name=\"upload-1\" id=\"forminator-field-upload-1_69ef70ce9cc73\" class=\"forminator-input-file\" accept=\".jpg,.jpeg,.jpe,.gif,.png,.bmp,.tiff,.tif,.webp,.avif,.ico,.heic,.heif,.heics,.heifs,.asf,.asx,.wmv,.wmx,.wm,.avi,.divx,.flv,.mov,.qt,.mpeg,.mpg,.mpe,.mp4,.m4v,.ogv,.webm,.mkv,.3gp,.3gpp,.3g2,.3gp2,.txt,.asc,.c,.cc,.h,.srt,.csv,.tsv,.ics,.rtx,.vtt,.mp3,.m4a,.m4b,.aac,.ra,.ram,.wav,.x-wav,.ogg,.oga,.flac,.mid,.midi,.wma,.wax,.mka,.rtf,.pdf,.class,.tar,.zip,.gz,.gzip,.7z,.psd,.xcf,.doc,.pot,.pps,.ppt,.wri,.xla,.xls,.xlt,.xlw,.mdb,.mpp,.docx,.docm,.dotx,.dotm,.xlsx,.xlsm,.xlsb,.xltx,.xltm,.xlam,.pptx,.pptm,.ppsx,.ppsm,.potx,.potm,.ppam,.sldx,.sldm,.onetoc,.onetoc2,.onetmp,.onepkg,.oxps,.xps,.odt,.odp,.ods,.odg,.odc,.odb,.odf,.wp,.wpd,.key,.numbers,.pages\" tabindex=\"-1\"><button id=\"forminator-field-upload-1_69ef70ce9cc73_button\" class=\"forminator-button forminator-button-upload\" data-id=\"forminator-field-upload-1_69ef70ce9cc73\">Choose File<\/button><span data-empty-text=\"No file chosen\">No file chosen<\/span><button class=\"forminator-button-delete\" style=\"display: none;\"><i class=\"forminator-icon-close\" aria-hidden=\"true\"><\/i><span class=\"forminator-screen-reader-only\">Delete uploaded file<\/span><\/button><\/div><\/div><\/div><\/div><div class=\"forminator-row\"><div id=\"consent-1\" class=\"forminator-field-consent forminator-col forminator-col-12 \"><div class=\"forminator-field\"><label for=\"forminator-field-consent-1_69ef70ce9cc73\" id=\"forminator-field-consent-1_69ef70ce9cc73-label\" class=\"forminator-label\">Acord GDPR <span class=\"forminator-required\">*<\/span><\/label><div class=\"forminator-checkbox__wrapper\"><label id=\"forminator-field-consent-1_69ef70ce9cc73__label\" class=\"forminator-checkbox forminator-consent\"><input type=\"checkbox\" name=\"consent-1\" id=\"forminator-field-consent-1_69ef70ce9cc73\" value=\"checked\" aria-labelledby=\"forminator-field-consent-1_69ef70ce9cc73-label\" aria-describedby=\"forminator-field-consent-1_69ef70ce9cc73__description\" data-required=\"true\" aria-required=\"true\" \/><span class=\"forminator-checkbox-box\" aria-hidden=\"true\"><\/span><\/label><div id=\"forminator-field-consent-1_69ef70ce9cc73__description\" class=\"forminator-checkbox__label forminator-consent__label\"><p><span class=\"_fadeIn_m1hgl_8\">Sunt <\/span><span class=\"_fadeIn_m1hgl_8\">de <\/span><span class=\"_fadeIn_m1hgl_8\">acord <\/span><span class=\"_fadeIn_m1hgl_8\">cu <\/span><span class=\"_fadeIn_m1hgl_8\">prelucrarea <\/span><span class=\"_fadeIn_m1hgl_8\">datelor <\/span><span class=\"_fadeIn_m1hgl_8\">personale <\/span><span class=\"_fadeIn_m1hgl_8\">conform <\/span><span class=\"_fadeIn_m1hgl_8\">politicii <\/span><span class=\"_fadeIn_m1hgl_8\">de <\/span><span class=\"_fadeIn_m1hgl_8\">confiden\u021bialitate.<\/span><\/p><\/div><\/div><\/div><\/div><\/div><input type=\"hidden\" name=\"referer_url\" value=\"\" \/><div class=\"forminator-row forminator-row-last\"><div class=\"forminator-col\"><div class=\"forminator-field\"><button class=\"forminator-button forminator-button-submit\">Trimite mesajul<\/button><\/div><\/div><\/div><input type=\"hidden\" id=\"forminator_nonce\" name=\"forminator_nonce\" value=\"61ee41ae33\" \/><input type=\"hidden\" name=\"_wp_http_referer\" value=\"\/en\/wp-json\/wp\/v2\/pages\/605\" \/><input type=\"hidden\" name=\"form_id\" value=\"1912\"><input type=\"hidden\" name=\"page_id\" value=\"605\"><input type=\"hidden\" name=\"form_type\" value=\"default\"><input type=\"hidden\" name=\"current_url\" value=\"https:\/\/pac-inmatriculari.ro\/en\/contact\/\"><input type=\"hidden\" name=\"render_id\" value=\"0\"><input type=\"hidden\" name=\"action\" value=\"forminator_submit_form_custom-forms\"><\/form>\n    <\/div>\n  <\/div>\n<\/section>\n\n<style>\n.pac-form-contact {\n  background: #FAFAFA; \/* Gri deschis *\/\n  padding: 60px 20px;\n  text-align: center;\n}\n\n.form-container {\n  max-width: 900px;\n  margin: 0 auto;\n  text-align: left;\n}\n\n.form-container h2 {\n  font-size: 28px;\n  color: #175D57; \/* Verde \u00eenchis *\/\n  margin-bottom: 20px;\n}\n\n.form-container p {\n  font-size: 16px;\n  color: #444;\n  margin-bottom: 30px;\n}\n\n.form-wrapper {\n  background: #fff;\n  padding: 20px;\n  border-radius: 12px;\n  box-shadow: 0 5px 15px rgba(0, 0, 0, 0.05);\n}\n\n.form-wrapper form {\n  max-width: 100%;\n}\n\n.form-wrapper input,\n.form-wrapper textarea,\n.form-wrapper button {\n  width: 100%;\n  padding: 12px 20px;\n  margin-bottom: 20px;\n  border-radius: 6px;\n  border: 1px solid #ddd;\n  font-size: 16px;\n}\n\n.form-wrapper input[type=\"submit\"],\n.form-wrapper button {\n  background-color: #01796f; \/* Verde deschis *\/\n  color: white;\n  border: none;\n  cursor: pointer;\n  font-weight: 600;\n}\n\n.form-wrapper input[type=\"submit\"]:hover,\n.form-wrapper button:hover {\n  background-color: #015e56; \/* Verde \u00eenchis *\/\n}\n<\/style>\n\t\t\t\t\t\t\t\t<\/div>\n\t\t\t\t<\/div>\n\t\t\t\t\t<\/div>\n\t\t<\/div>\n\t\t\t\t\t<\/div>\n\t\t<\/section>\n\t\t\t\t<section class=\"elementor-section elementor-top-section elementor-element elementor-element-ca60e88 elementor-section-boxed elementor-section-height-default elementor-section-height-default\" data-id=\"ca60e88\" data-element_type=\"section\" data-e-type=\"section\">\n\t\t\t\t\t\t<div class=\"elementor-container elementor-column-gap-default\">\n\t\t\t\t\t<div class=\"elementor-column elementor-col-100 elementor-top-column elementor-element elementor-element-21cdbd0\" data-id=\"21cdbd0\" data-element_type=\"column\" data-e-type=\"column\">\n\t\t\t<div class=\"elementor-widget-wrap elementor-element-populated\">\n\t\t\t\t\t\t<div class=\"elementor-element elementor-element-fa22136 elementor-widget elementor-widget-google_maps\" data-id=\"fa22136\" data-element_type=\"widget\" data-e-type=\"widget\" data-widget_type=\"google_maps.default\">\n\t\t\t\t<div class=\"elementor-widget-container\">\n\t\t\t\t\t\t\t<div class=\"elementor-custom-embed\">\n\t\t\t<iframe loading=\"lazy\"\n\t\t\t\t\tsrc=\"https:\/\/maps.google.com\/maps?q=Brasov&#038;t=m&#038;z=11&#038;output=embed&#038;iwloc=near\"\n\t\t\t\t\ttitle=\"Brasov\"\n\t\t\t\t\taria-label=\"Brasov\"\n\t\t\t><\/iframe>\n\t\t<\/div>\n\t\t\t\t\t\t<\/div>\n\t\t\t\t<\/div>\n\t\t\t\t\t<\/div>\n\t\t<\/div>\n\t\t\t\t\t<\/div>\n\t\t<\/section>\n\t\t\t\t<section class=\"elementor-section elementor-top-section elementor-element elementor-element-ae5eafa elementor-section-boxed elementor-section-height-default elementor-section-height-default\" data-id=\"ae5eafa\" data-element_type=\"section\" data-e-type=\"section\">\n\t\t\t\t\t\t<div class=\"elementor-container elementor-column-gap-default\">\n\t\t\t\t\t<div class=\"elementor-column elementor-col-100 elementor-top-column elementor-element elementor-element-6645a2b\" data-id=\"6645a2b\" data-element_type=\"column\" data-e-type=\"column\">\n\t\t\t<div class=\"elementor-widget-wrap elementor-element-populated\">\n\t\t\t\t\t\t<div class=\"elementor-element elementor-element-83b88ed elementor-widget elementor-widget-spacer\" data-id=\"83b88ed\" data-element_type=\"widget\" data-e-type=\"widget\" data-widget_type=\"spacer.default\">\n\t\t\t\t<div class=\"elementor-widget-container\">\n\t\t\t\t\t\t\t<div class=\"elementor-spacer\">\n\t\t\t<div class=\"elementor-spacer-inner\"><\/div>\n\t\t<\/div>\n\t\t\t\t\t\t<\/div>\n\t\t\t\t<\/div>\n\t\t\t\t\t<\/div>\n\t\t<\/div>\n\t\t\t\t\t<\/div>\n\t\t<\/section>\n\t\t\t\t<\/div>\n\t\t","protected":false},"excerpt":{"rendered":"<p>Contacteaz\u0103-ne pentru \u00cenmatricul\u0103ri Auto \u00een Bra\u0219ov Ai nevoie de contact \u00eenmatricul\u0103ri auto Bra\u0219ov? Noi \u00ee\u021bi oferim sprijin complet, rapid \u0219i eficient. Indiferent dac\u0103 ai achizi\u021bionat recent o ma\u0219in\u0103 sau vrei s\u0103 actualizezi documentele unui vehicul existent, echipa PAC \u00ee\u021bi este al\u0103turi la fiecare pas. De peste 5 ani ajut\u0103m clien\u021bi [&hellip;]<\/p>\n","protected":false},"author":1,"featured_media":0,"parent":0,"menu_order":0,"comment_status":"closed","ping_status":"closed","template":"","meta":{"footnotes":""},"class_list":["post-605","page","type-page","status-publish","hentry"],"yoast_head":"<!-- This site is optimized with the Yoast SEO plugin v27.4 - https:\/\/yoast.com\/product\/yoast-seo-wordpress\/ -->\n<title>Contact \u00cenmatricul\u0103ri Auto Bra\u0219ov \u2013 Servicii Rapide \u0219i Legale | PAC<\/title>\n<meta name=\"description\" content=\"Ai nevoie de contact \u00eenmatricul\u0103ri auto Bra\u0219ov? Echipa PAC \u00ee\u021bi ofer\u0103 servicii rapide, complete \u0219i legale. F\u0103r\u0103 stres, f\u0103r\u0103 cozi.\" \/>\n<meta name=\"robots\" content=\"index, follow, max-snippet:-1, max-image-preview:large, max-video-preview:-1\" \/>\n<link rel=\"canonical\" href=\"https:\/\/pac-inmatriculari.ro\/en\/contact\/\" \/>\n<meta property=\"og:locale\" content=\"en_US\" \/>\n<meta property=\"og:type\" content=\"article\" \/>\n<meta property=\"og:title\" content=\"Contact \u00cenmatricul\u0103ri Auto Bra\u0219ov \u2013 Servicii Rapide \u0219i Legale | PAC\" \/>\n<meta property=\"og:description\" content=\"Ai nevoie de contact \u00eenmatricul\u0103ri auto Bra\u0219ov? Echipa PAC \u00ee\u021bi ofer\u0103 servicii rapide, complete \u0219i legale. F\u0103r\u0103 stres, f\u0103r\u0103 cozi.\" \/>\n<meta property=\"og:url\" content=\"https:\/\/pac-inmatriculari.ro\/en\/contact\/\" \/>\n<meta property=\"og:site_name\" content=\"PAC - Inmatriculari Brasov\" \/>\n<meta property=\"article:publisher\" content=\"https:\/\/www.facebook.com\/InmatriculariAutoBrasov\" \/>\n<meta property=\"article:modified_time\" content=\"2025-06-06T16:53:08+00:00\" \/>\n<meta property=\"og:image\" content=\"https:\/\/pac-inmatriculari.ro\/wp-content\/uploads\/2020\/05\/1-1.png\" \/>\n<meta name=\"twitter:card\" content=\"summary_large_image\" \/>\n<meta name=\"twitter:label1\" content=\"Est. reading time\" \/>\n\t<meta name=\"twitter:data1\" content=\"2 minutes\" \/>\n<script type=\"application\/ld+json\" class=\"yoast-schema-graph\">{\"@context\":\"https:\\\/\\\/schema.org\",\"@graph\":[{\"@type\":\"WebPage\",\"@id\":\"https:\\\/\\\/pac-inmatriculari.ro\\\/contact\\\/\",\"url\":\"https:\\\/\\\/pac-inmatriculari.ro\\\/contact\\\/\",\"name\":\"Contact \u00cenmatricul\u0103ri Auto Bra\u0219ov \u2013 Servicii Rapide \u0219i Legale | PAC\",\"isPartOf\":{\"@id\":\"https:\\\/\\\/pac-inmatriculari.ro\\\/#website\"},\"primaryImageOfPage\":{\"@id\":\"https:\\\/\\\/pac-inmatriculari.ro\\\/contact\\\/#primaryimage\"},\"image\":{\"@id\":\"https:\\\/\\\/pac-inmatriculari.ro\\\/contact\\\/#primaryimage\"},\"thumbnailUrl\":\"https:\\\/\\\/pac-inmatriculari.ro\\\/wp-content\\\/uploads\\\/2020\\\/05\\\/1-1.png\",\"datePublished\":\"2020-10-12T07:21:26+00:00\",\"dateModified\":\"2025-06-06T16:53:08+00:00\",\"description\":\"Ai nevoie de contact \u00eenmatricul\u0103ri auto Bra\u0219ov? Echipa PAC \u00ee\u021bi ofer\u0103 servicii rapide, complete \u0219i legale. F\u0103r\u0103 stres, f\u0103r\u0103 cozi.\",\"breadcrumb\":{\"@id\":\"https:\\\/\\\/pac-inmatriculari.ro\\\/contact\\\/#breadcrumb\"},\"inLanguage\":\"en-US\",\"potentialAction\":[{\"@type\":\"ReadAction\",\"target\":[\"https:\\\/\\\/pac-inmatriculari.ro\\\/contact\\\/\"]}]},{\"@type\":\"ImageObject\",\"inLanguage\":\"en-US\",\"@id\":\"https:\\\/\\\/pac-inmatriculari.ro\\\/contact\\\/#primaryimage\",\"url\":\"https:\\\/\\\/pac-inmatriculari.ro\\\/wp-content\\\/uploads\\\/2020\\\/05\\\/1-1.png\",\"contentUrl\":\"https:\\\/\\\/pac-inmatriculari.ro\\\/wp-content\\\/uploads\\\/2020\\\/05\\\/1-1.png\"},{\"@type\":\"BreadcrumbList\",\"@id\":\"https:\\\/\\\/pac-inmatriculari.ro\\\/contact\\\/#breadcrumb\",\"itemListElement\":[{\"@type\":\"ListItem\",\"position\":1,\"name\":\"Prima pagin\u0103\",\"item\":\"https:\\\/\\\/pac-inmatriculari.ro\\\/\"},{\"@type\":\"ListItem\",\"position\":2,\"name\":\"Contact\"}]},{\"@type\":\"WebSite\",\"@id\":\"https:\\\/\\\/pac-inmatriculari.ro\\\/#website\",\"url\":\"https:\\\/\\\/pac-inmatriculari.ro\\\/\",\"name\":\"PAC - Inmatriculari Brasov\",\"description\":\"Inmatriculari auto Brasov\",\"publisher\":{\"@id\":\"https:\\\/\\\/pac-inmatriculari.ro\\\/#organization\"},\"potentialAction\":[{\"@type\":\"SearchAction\",\"target\":{\"@type\":\"EntryPoint\",\"urlTemplate\":\"https:\\\/\\\/pac-inmatriculari.ro\\\/?s={search_term_string}\"},\"query-input\":{\"@type\":\"PropertyValueSpecification\",\"valueRequired\":true,\"valueName\":\"search_term_string\"}}],\"inLanguage\":\"en-US\"},{\"@type\":\"Organization\",\"@id\":\"https:\\\/\\\/pac-inmatriculari.ro\\\/#organization\",\"name\":\"PAC - Inmatriculari Brasov\",\"url\":\"https:\\\/\\\/pac-inmatriculari.ro\\\/\",\"logo\":{\"@type\":\"ImageObject\",\"inLanguage\":\"en-US\",\"@id\":\"https:\\\/\\\/pac-inmatriculari.ro\\\/#\\\/schema\\\/logo\\\/image\\\/\",\"url\":\"https:\\\/\\\/pac-inmatriculari.ro\\\/wp-content\\\/uploads\\\/2020\\\/08\\\/cropped-pac-logo.png\",\"contentUrl\":\"https:\\\/\\\/pac-inmatriculari.ro\\\/wp-content\\\/uploads\\\/2020\\\/08\\\/cropped-pac-logo.png\",\"width\":584,\"height\":584,\"caption\":\"PAC - Inmatriculari Brasov\"},\"image\":{\"@id\":\"https:\\\/\\\/pac-inmatriculari.ro\\\/#\\\/schema\\\/logo\\\/image\\\/\"},\"sameAs\":[\"https:\\\/\\\/www.facebook.com\\\/InmatriculariAutoBrasov\"]}]}<\/script>\n<!-- \/ Yoast SEO plugin. -->","yoast_head_json":{"title":"Contact \u00cenmatricul\u0103ri Auto Bra\u0219ov \u2013 Servicii Rapide \u0219i Legale | PAC","description":"Ai nevoie de contact \u00eenmatricul\u0103ri auto Bra\u0219ov? Echipa PAC \u00ee\u021bi ofer\u0103 servicii rapide, complete \u0219i legale. F\u0103r\u0103 stres, f\u0103r\u0103 cozi.","robots":{"index":"index","follow":"follow","max-snippet":"max-snippet:-1","max-image-preview":"max-image-preview:large","max-video-preview":"max-video-preview:-1"},"canonical":"https:\/\/pac-inmatriculari.ro\/en\/contact\/","og_locale":"en_US","og_type":"article","og_title":"Contact \u00cenmatricul\u0103ri Auto Bra\u0219ov \u2013 Servicii Rapide \u0219i Legale | PAC","og_description":"Ai nevoie de contact \u00eenmatricul\u0103ri auto Bra\u0219ov? Echipa PAC \u00ee\u021bi ofer\u0103 servicii rapide, complete \u0219i legale. F\u0103r\u0103 stres, f\u0103r\u0103 cozi.","og_url":"https:\/\/pac-inmatriculari.ro\/en\/contact\/","og_site_name":"PAC - Inmatriculari Brasov","article_publisher":"https:\/\/www.facebook.com\/InmatriculariAutoBrasov","article_modified_time":"2025-06-06T16:53:08+00:00","og_image":[{"url":"https:\/\/pac-inmatriculari.ro\/wp-content\/uploads\/2020\/05\/1-1.png","type":"","width":"","height":""}],"twitter_card":"summary_large_image","twitter_misc":{"Est. reading time":"2 minutes"},"schema":{"@context":"https:\/\/schema.org","@graph":[{"@type":"WebPage","@id":"https:\/\/pac-inmatriculari.ro\/contact\/","url":"https:\/\/pac-inmatriculari.ro\/contact\/","name":"Contact \u00cenmatricul\u0103ri Auto Bra\u0219ov \u2013 Servicii Rapide \u0219i Legale | PAC","isPartOf":{"@id":"https:\/\/pac-inmatriculari.ro\/#website"},"primaryImageOfPage":{"@id":"https:\/\/pac-inmatriculari.ro\/contact\/#primaryimage"},"image":{"@id":"https:\/\/pac-inmatriculari.ro\/contact\/#primaryimage"},"thumbnailUrl":"https:\/\/pac-inmatriculari.ro\/wp-content\/uploads\/2020\/05\/1-1.png","datePublished":"2020-10-12T07:21:26+00:00","dateModified":"2025-06-06T16:53:08+00:00","description":"Ai nevoie de contact \u00eenmatricul\u0103ri auto Bra\u0219ov? Echipa PAC \u00ee\u021bi ofer\u0103 servicii rapide, complete \u0219i legale. F\u0103r\u0103 stres, f\u0103r\u0103 cozi.","breadcrumb":{"@id":"https:\/\/pac-inmatriculari.ro\/contact\/#breadcrumb"},"inLanguage":"en-US","potentialAction":[{"@type":"ReadAction","target":["https:\/\/pac-inmatriculari.ro\/contact\/"]}]},{"@type":"ImageObject","inLanguage":"en-US","@id":"https:\/\/pac-inmatriculari.ro\/contact\/#primaryimage","url":"https:\/\/pac-inmatriculari.ro\/wp-content\/uploads\/2020\/05\/1-1.png","contentUrl":"https:\/\/pac-inmatriculari.ro\/wp-content\/uploads\/2020\/05\/1-1.png"},{"@type":"BreadcrumbList","@id":"https:\/\/pac-inmatriculari.ro\/contact\/#breadcrumb","itemListElement":[{"@type":"ListItem","position":1,"name":"Prima pagin\u0103","item":"https:\/\/pac-inmatriculari.ro\/"},{"@type":"ListItem","position":2,"name":"Contact"}]},{"@type":"WebSite","@id":"https:\/\/pac-inmatriculari.ro\/#website","url":"https:\/\/pac-inmatriculari.ro\/","name":"PAC - Inmatriculari Brasov","description":"Inmatriculari auto Brasov","publisher":{"@id":"https:\/\/pac-inmatriculari.ro\/#organization"},"potentialAction":[{"@type":"SearchAction","target":{"@type":"EntryPoint","urlTemplate":"https:\/\/pac-inmatriculari.ro\/?s={search_term_string}"},"query-input":{"@type":"PropertyValueSpecification","valueRequired":true,"valueName":"search_term_string"}}],"inLanguage":"en-US"},{"@type":"Organization","@id":"https:\/\/pac-inmatriculari.ro\/#organization","name":"PAC - Inmatriculari Brasov","url":"https:\/\/pac-inmatriculari.ro\/","logo":{"@type":"ImageObject","inLanguage":"en-US","@id":"https:\/\/pac-inmatriculari.ro\/#\/schema\/logo\/image\/","url":"https:\/\/pac-inmatriculari.ro\/wp-content\/uploads\/2020\/08\/cropped-pac-logo.png","contentUrl":"https:\/\/pac-inmatriculari.ro\/wp-content\/uploads\/2020\/08\/cropped-pac-logo.png","width":584,"height":584,"caption":"PAC - Inmatriculari Brasov"},"image":{"@id":"https:\/\/pac-inmatriculari.ro\/#\/schema\/logo\/image\/"},"sameAs":["https:\/\/www.facebook.com\/InmatriculariAutoBrasov"]}]}},"_links":{"self":[{"href":"https:\/\/pac-inmatriculari.ro\/en\/wp-json\/wp\/v2\/pages\/605","targetHints":{"allow":["GET"]}}],"collection":[{"href":"https:\/\/pac-inmatriculari.ro\/en\/wp-json\/wp\/v2\/pages"}],"about":[{"href":"https:\/\/pac-inmatriculari.ro\/en\/wp-json\/wp\/v2\/types\/page"}],"author":[{"embeddable":true,"href":"https:\/\/pac-inmatriculari.ro\/en\/wp-json\/wp\/v2\/users\/1"}],"replies":[{"embeddable":true,"href":"https:\/\/pac-inmatriculari.ro\/en\/wp-json\/wp\/v2\/comments?post=605"}],"version-history":[{"count":77,"href":"https:\/\/pac-inmatriculari.ro\/en\/wp-json\/wp\/v2\/pages\/605\/revisions"}],"predecessor-version":[{"id":2514,"href":"https:\/\/pac-inmatriculari.ro\/en\/wp-json\/wp\/v2\/pages\/605\/revisions\/2514"}],"wp:attachment":[{"href":"https:\/\/pac-inmatriculari.ro\/en\/wp-json\/wp\/v2\/media?parent=605"}],"curies":[{"name":"wp","href":"https:\/\/api.w.org\/{rel}","templated":true}]}}